{"id":2608,"date":"2016-03-17T08:07:48","date_gmt":"2016-03-17T08:07:48","guid":{"rendered":"https:\/\/electro.madrasthemes.com\/?post_type=product&#038;p=2608"},"modified":"2024-08-22T23:04:48","modified_gmt":"2024-08-22T23:04:48","slug":"hp-aio-245-g10","status":"publish","type":"product","link":"https:\/\/www.tshop.tech\/en\/product\/hp-aio-245-g10\/","title":{"rendered":"HP AIO 245-G10"},"content":{"rendered":"<p><img loading=\"lazy\" decoding=\"async\" src=\"https:\/\/ssl-product-images.www8-hp.com\/digmedialib\/prodimg\/lowres\/c08686590.png\" alt=\"overview_hero_2x\" width=\"650\" height=\"350\" style=\"margin: 0 auto; display: block;\"\/><\/p>\n<h4>Se adapta al trabajo actual<\/h4>\n<p>Prep\u00e1rese para el \u00e9xito con un rendimiento potente y funciones de video mejoradas en un dise\u00f1o todo en uno.<\/p>\n<p><img loading=\"lazy\" decoding=\"async\" class=\"alignnone wp-image-2993 size-full\" src=\"https:\/\/ssl-product-images.www8-hp.com\/digmedialib\/prodimg\/lowres\/c08686530.png\" alt=\"hero_large_2x\" width=\"650\" height=\"350\" style=\"margin: 0 auto; display: block;\"\/><\/p>\n<h4>Tecnolog\u00eda extraordinaria<\/h4>\n<p>Obtenga la \u00faltima tecnolog\u00eda a un precio excelente con un potente procesador\u00a0AMD.<\/p>\n<h4>Dise\u00f1o profesional y elegante<\/h4>\n<p>Equipado con una pantalla con microbordes en tres lados, este delgado y elegante equipo Todo-en-Uno libera espacio en el escritorio.<\/p>","protected":false},"excerpt":{"rendered":"<p>Mejorado con funciones de video especializadas, el equipo Todo-en-Uno HP ProOne 245 ofrece rendimiento de grado empresarial para lograr mayor productividad en un dise\u00f1o que ahorra espacio a un precio excelente.<\/p>","protected":false},"featured_media":5647,"comment_status":"open","ping_status":"closed","template":"","meta":{"_acf_changed":false},"product_cat":[241,243,45,55,65],"product_tag":[],"class_list":{"0":"post-2608","1":"product","2":"type-product","3":"status-publish","4":"has-post-thumbnail","6":"product_cat-computadoras","7":"product_cat-monitores-y-videos","8":"product_cat-pcs-de-escritorio","9":"product_cat-todo-en-uno","10":"product_cat-todo-en-uno-modular","12":"first","13":"outofstock","14":"featured","15":"shipping-taxable","16":"purchasable","17":"product-type-simple","18":"add-to-wishlist-after_add_to_cart"},"acf":[],"_links":{"self":[{"href":"https:\/\/www.tshop.tech\/en\/wp-json\/wp\/v2\/product\/2608","targetHints":{"allow":["GET"]}}],"collection":[{"href":"https:\/\/www.tshop.tech\/en\/wp-json\/wp\/v2\/product"}],"about":[{"href":"https:\/\/www.tshop.tech\/en\/wp-json\/wp\/v2\/types\/product"}],"replies":[{"embeddable":true,"href":"https:\/\/www.tshop.tech\/en\/wp-json\/wp\/v2\/comments?post=2608"}],"wp:featuredmedia":[{"embeddable":true,"href":"https:\/\/www.tshop.tech\/en\/wp-json\/wp\/v2\/media\/5647"}],"wp:attachment":[{"href":"https:\/\/www.tshop.tech\/en\/wp-json\/wp\/v2\/media?parent=2608"}],"wp:term":[{"taxonomy":"product_cat","embeddable":true,"href":"https:\/\/www.tshop.tech\/en\/wp-json\/wp\/v2\/product_cat?post=2608"},{"taxonomy":"product_tag","embeddable":true,"href":"https:\/\/www.tshop.tech\/en\/wp-json\/wp\/v2\/product_tag?post=2608"}],"curies":[{"name":"wp","href":"https:\/\/api.w.org\/{rel}","templated":true}]}}