{"id":2455,"date":"2016-03-03T08:10:12","date_gmt":"2016-03-03T08:10:12","guid":{"rendered":"https:\/\/electro.madrasthemes.com\/product\/ultra-wireless-s50-headphones-s50-with-bluetooth-sidebar\/"},"modified":"2024-08-22T23:44:46","modified_gmt":"2024-08-22T23:44:46","slug":"lg-50up7500","status":"publish","type":"product","link":"https:\/\/www.tshop.tech\/en\/product\/lg-50up7500\/","title":{"rendered":"LG 50UP7500"},"content":{"rendered":"<p>TV LG UHD con el que disfrutras una calidad de imagen m\u00e1s real, colores vivos y precisi\u00f3n.<\/p>\n<p>Calidad cinematogr\u00e1fica en casa con FILMMAKER MODE\u2122 y HDR te ofrecen una experiencia de visualizaci\u00f3n m\u00e1s envolvente.<\/p>\n<p>Bluetooth Surround Ready, conecta f\u00e1cilmente los altavoces bluetooth para disfrutar de una aut\u00e9ntica experiencia de sonido envolvente inal\u00e1mbrico.<\/p>","protected":false},"excerpt":{"rendered":"<p>Sum\u00e9rgete en una experiencia visual superior con el televisor LG 50UP7500. Su pantalla de 50 pulgadas y resoluci\u00f3n 4K te ofrece im\u00e1genes n\u00edtidas y colores vibrantes, mientras que su dise\u00f1o elegante se adapta a cualquier espacio.<\/p>","protected":false},"featured_media":5651,"comment_status":"open","ping_status":"closed","template":"","meta":{"_acf_changed":false},"product_cat":[243,67],"product_tag":[],"class_list":{"0":"post-2455","1":"product","2":"type-product","3":"status-publish","4":"has-post-thumbnail","6":"product_cat-monitores-y-videos","7":"product_cat-tv","9":"first","10":"instock","11":"shipping-taxable","12":"purchasable","13":"product-type-simple","14":"add-to-wishlist-after_add_to_cart"},"acf":[],"_links":{"self":[{"href":"https:\/\/www.tshop.tech\/en\/wp-json\/wp\/v2\/product\/2455","targetHints":{"allow":["GET"]}}],"collection":[{"href":"https:\/\/www.tshop.tech\/en\/wp-json\/wp\/v2\/product"}],"about":[{"href":"https:\/\/www.tshop.tech\/en\/wp-json\/wp\/v2\/types\/product"}],"replies":[{"embeddable":true,"href":"https:\/\/www.tshop.tech\/en\/wp-json\/wp\/v2\/comments?post=2455"}],"wp:featuredmedia":[{"embeddable":true,"href":"https:\/\/www.tshop.tech\/en\/wp-json\/wp\/v2\/media\/5651"}],"wp:attachment":[{"href":"https:\/\/www.tshop.tech\/en\/wp-json\/wp\/v2\/media?parent=2455"}],"wp:term":[{"taxonomy":"product_cat","embeddable":true,"href":"https:\/\/www.tshop.tech\/en\/wp-json\/wp\/v2\/product_cat?post=2455"},{"taxonomy":"product_tag","embeddable":true,"href":"https:\/\/www.tshop.tech\/en\/wp-json\/wp\/v2\/product_tag?post=2455"}],"curies":[{"name":"wp","href":"https:\/\/api.w.org\/{rel}","templated":true}]}}