{"id":2505,"date":"2016-03-09T05:58:27","date_gmt":"2016-03-09T05:58:27","guid":{"rendered":"https:\/\/electro.madrasthemes.com\/?page_id=2505"},"modified":"2024-08-23T03:58:33","modified_gmt":"2024-08-23T03:58:33","slug":"faq","status":"publish","type":"page","link":"https:\/\/www.tshop.tech\/en\/faq\/","title":{"rendered":"Preguntas Frecuentes"},"content":{"rendered":"<div class=\"wpb-content-wrapper\"><div class=\"vc_row wpb_row vc_row-fluid\"><div class=\"wpb_column vc_column_container vc_col-sm-12\"><div class=\"vc_column-inner\"><div class=\"wpb_wrapper\"><h2 style=\"font-size: 25px;color: #434343;text-align: left;font-family:Open Sans;font-weight:400;font-style:normal\" class=\"vc_custom_heading vc_do_custom_heading faq-page-title\" >Informaci\u00f3n de Env\u00edo<\/h2><\/div><\/div><\/div><\/div><div class=\"vc_row wpb_row vc_row-fluid inner-bottom-xs\"><div class=\"wpb_column vc_column_container vc_col-sm-6\"><div class=\"vc_column-inner\"><div class=\"wpb_wrapper\">\n\t<div class=\"wpb_text_column wpb_content_element\" >\n\t\t<div class=\"wpb_wrapper\">\n\t\t\t<h3 class=\"faq-title\" style=\"text-align: left;\">\u00bfQu\u00e9 m\u00e9todos de env\u00edo est\u00e1n disponibles?<\/h3>\n<div class=\"text-content\">\n<p>Ofrecemos varias opciones de env\u00edo, desde est\u00e1ndar hasta expr\u00e9s, para que elijas la que mejor se adapte a tus necesidades. Todos nuestros env\u00edos son seguros y confiables.<\/p>\n<\/div>\n\n\t\t<\/div>\n\t<\/div>\n<\/div><\/div><\/div><div class=\"wpb_column vc_column_container vc_col-sm-6\"><div class=\"vc_column-inner\"><div class=\"wpb_wrapper\">\n\t<div class=\"wpb_text_column wpb_content_element\" >\n\t\t<div class=\"wpb_wrapper\">\n\t\t\t<h3 class=\"faq-title\">\u00bfC\u00f3mo puedo rastrear mi pedido?<\/h3>\n<div class=\"text-content\">\n<p>Una vez que tu pedido haya sido enviado, recibir\u00e1s un n\u00famero de seguimiento por correo electr\u00f3nico. Podr\u00e1s usarlo para rastrear el estado de tu env\u00edo en cualquier momento.<\/p>\n<\/div>\n\n\t\t<\/div>\n\t<\/div>\n<\/div><\/div><\/div><\/div><div class=\"vc_row wpb_row vc_row-fluid inner-bottom\"><div class=\"wpb_column vc_column_container vc_col-sm-6\"><div class=\"vc_column-inner\"><div class=\"wpb_wrapper\">\n\t<div class=\"wpb_text_column wpb_content_element\" >\n\t\t<div class=\"wpb_wrapper\">\n\t\t\t<h3 class=\"faq-title\">\u00bfCu\u00e1nto tiempo tardar\u00e1 en llegar mi pedido?<\/h3>\n<div class=\"text-content\">\n<p>El tiempo de entrega var\u00eda seg\u00fan la ubicaci\u00f3n y el m\u00e9todo de env\u00edo seleccionado. En general, los pedidos se entregan en un plazo de 2 a 7 d\u00edas h\u00e1biles.<\/p>\n<\/div>\n\n\t\t<\/div>\n\t<\/div>\n<\/div><\/div><\/div><div class=\"wpb_column vc_column_container vc_col-sm-6\"><div class=\"vc_column-inner\"><div class=\"wpb_wrapper\">\n\t<div class=\"wpb_text_column wpb_content_element\" >\n\t\t<div class=\"wpb_wrapper\">\n\t\t\t<h3 class=\"faq-title\">\u00bfNecesito crear una cuenta para hacer un pedido?<\/h3>\n<div class=\"text-content\">\n<p>No es necesario crear una cuenta para realizar un pedido, pero te recomendamos registrarte para disfrutar de un proceso de compra m\u00e1s r\u00e1pido y acceder a ofertas exclusivas<\/p>\n<\/div>\n\n\t\t<\/div>\n\t<\/div>\n<\/div><\/div><\/div><\/div><div class=\"vc_row wpb_row vc_row-fluid\"><div class=\"wpb_column vc_column_container vc_col-sm-12\"><div class=\"vc_column-inner\"><div class=\"wpb_wrapper\"><h2 style=\"font-size: 40px;color: #434343;text-align: center;font-family:Open Sans;font-weight:400;font-style:normal\" class=\"vc_custom_heading vc_do_custom_heading vc_custom_1724385115269\" >Ayuda y Soporte<\/h2><\/div><\/div><\/div><\/div><div class=\"vc_row wpb_row vc_row-fluid inner-top-xs\"><div class=\"wpb_column vc_column_container vc_col-sm-12\"><div class=\"vc_column-inner\"><div class=\"wpb_wrapper\"><div id=\"1459864738156-c9e9af2d-48c9\" class=\"vc_do_toggle vc_toggle vc_toggle_default vc_toggle_color_default  vc_toggle_size_md\"><div class=\"vc_toggle_title\"><h4>\u00bfQu\u00e9 M\u00e9todos de Env\u00edo Est\u00e1n Disponibles?<\/h4><i class=\"vc_toggle_icon\"><\/i><\/div><div class=\"vc_toggle_content\"><p>Ofrecemos opciones de env\u00edo est\u00e1ndar y expr\u00e9s para adaptarnos a tus necesidades de entrega.<\/p>\n<\/div><\/div><div id=\"1459864700197-4c554837-f084\" class=\"vc_do_toggle vc_toggle vc_toggle_default vc_toggle_color_default  vc_toggle_size_md\"><div class=\"vc_toggle_title\"><h4>\u00bfCu\u00e1nto Tiempo Tardar\u00e1 en Llegar Mi Pedido?<\/h4><i class=\"vc_toggle_icon\"><\/i><\/div><div class=\"vc_toggle_content\"><p>El tiempo de entrega depende del m\u00e9todo de env\u00edo y tu ubicaci\u00f3n. Generalmente, los pedidos llegan entre 2 y 7 d\u00edas h\u00e1biles.<\/p>\n<\/div><\/div><div id=\"1459864577831-bdb5bc1a-4a98\" class=\"vc_do_toggle vc_toggle vc_toggle_default vc_toggle_color_default  vc_toggle_size_md\"><div class=\"vc_toggle_title\"><h4>\u00bfC\u00f3mo Realizo un Pedido?<\/h4><i class=\"vc_toggle_icon\"><\/i><\/div><div class=\"vc_toggle_content\"><p>Simplemente a\u00f1ade los productos a tu carrito, sigue los pasos para completar la compra y elige tu m\u00e9todo de pago preferido.<\/p>\n<\/div><\/div><div id=\"1459864633996-9b7e4f16-199e\" class=\"vc_do_toggle vc_toggle vc_toggle_default vc_toggle_color_default  vc_toggle_size_md\"><div class=\"vc_toggle_title\"><h4>\u00bfC\u00f3mo Deber\u00eda Contactarlos Si Tengo Alguna Consulta?<\/h4><i class=\"vc_toggle_icon\"><\/i><\/div><div class=\"vc_toggle_content\"><p>Puedes contactarnos a trav\u00e9s de nuestro formulario de contacto <a href=\"https:\/\/www.tshop.tech\/en\/contact\/\">aqu\u00ed<\/a>, correo electr\u00f3nico o llamando a nuestro servicio de atenci\u00f3n al cliente.<\/p>\n<\/div><\/div><div id=\"1459864665894-b82f7067-8407\" class=\"vc_do_toggle vc_toggle vc_toggle_default vc_toggle_color_default  vc_toggle_size_md\"><div class=\"vc_toggle_title\"><h4>\u00bfNecesito Una Cuenta Para Realizar un Pedido?<\/h4><i class=\"vc_toggle_icon\"><\/i><\/div><div class=\"vc_toggle_content\"><p>No es necesario, pero crear una cuenta te permite un proceso de compra m\u00e1s r\u00e1pido y acceso a promociones especiales.<\/p>\n<\/div><\/div><\/div><\/div><\/div><\/div>\n<\/div>","protected":false},"excerpt":{"rendered":"Informaci\u00f3n de Env\u00edo \u00bfQu\u00e9 m\u00e9todos de env\u00edo est\u00e1n disponibles? Ofrecemos varias opciones de env\u00edo, desde est\u00e1ndar hasta expr\u00e9s, para que elijas la que mejor se adapte a tus necesidades. Todos","protected":false},"author":1,"featured_media":0,"parent":0,"menu_order":0,"comment_status":"closed","ping_status":"closed","template":"","meta":{"_acf_changed":false,"footnotes":""},"class_list":["post-2505","page","type-page","status-publish","hentry"],"acf":[],"_links":{"self":[{"href":"https:\/\/www.tshop.tech\/en\/wp-json\/wp\/v2\/pages\/2505","targetHints":{"allow":["GET"]}}],"collection":[{"href":"https:\/\/www.tshop.tech\/en\/wp-json\/wp\/v2\/pages"}],"about":[{"href":"https:\/\/www.tshop.tech\/en\/wp-json\/wp\/v2\/types\/page"}],"author":[{"embeddable":true,"href":"https:\/\/www.tshop.tech\/en\/wp-json\/wp\/v2\/users\/1"}],"replies":[{"embeddable":true,"href":"https:\/\/www.tshop.tech\/en\/wp-json\/wp\/v2\/comments?post=2505"}],"version-history":[{"count":5,"href":"https:\/\/www.tshop.tech\/en\/wp-json\/wp\/v2\/pages\/2505\/revisions"}],"predecessor-version":[{"id":5758,"href":"https:\/\/www.tshop.tech\/en\/wp-json\/wp\/v2\/pages\/2505\/revisions\/5758"}],"wp:attachment":[{"href":"https:\/\/www.tshop.tech\/en\/wp-json\/wp\/v2\/media?parent=2505"}],"curies":[{"name":"wp","href":"https:\/\/api.w.org\/{rel}","templated":true}]}}