{"id":2494,"date":"2016-03-09T05:41:44","date_gmt":"2016-03-09T05:41:44","guid":{"rendered":"https:\/\/electro.madrasthemes.com\/?page_id=2494"},"modified":"2024-08-23T03:44:56","modified_gmt":"2024-08-23T03:44:56","slug":"about","status":"publish","type":"page","link":"https:\/\/www.tshop.tech\/en\/about\/","title":{"rendered":"About"},"content":{"rendered":"<div class=\"wpb-content-wrapper\"><div class=\"vc_row wpb_row vc_row-fluid about-features inner-top-md inner-bottom-sm\"><div class=\"wpb_column vc_column_container vc_col-sm-4\"><div class=\"vc_column-inner vc_custom_1457518924264\"><div class=\"wpb_wrapper\">\n\t<div  class=\"wpb_single_image wpb_content_element vc_align_left wpb_content_element\">\n\t\t\n\t\t<figure class=\"wpb_wrapper vc_figure\">\n\t\t\t<div class=\"vc_single_image-wrapper   vc_box_border_grey\"><img loading=\"lazy\" decoding=\"async\" width=\"432\" height=\"307\" src=\"https:\/\/www.tshop.tech\/wp-content\/uploads\/2024\/08\/aboutus3.png\" class=\"vc_single_image-img attachment-full\" alt=\"\" title=\"aboutus3\" srcset=\"https:\/\/www.tshop.tech\/wp-content\/uploads\/2024\/08\/aboutus3.png 432w, https:\/\/www.tshop.tech\/wp-content\/uploads\/2024\/08\/aboutus3-300x213.png 300w\" sizes=\"auto, (max-width: 432px) 100vw, 432px\" \/><\/div>\n\t\t<\/figure>\n\t<\/div>\n\n\t<div class=\"wpb_text_column wpb_content_element vc_custom_1724382468383\" >\n\t\t<div class=\"wpb_wrapper\">\n\t\t\t<h2 class=\"align-top\">\u00bfQu\u00e9 hacemos?<\/h2>\n<p>Ofrecemos productos tecnol\u00f3gicos de alta calidad, asegurando que cada cliente encuentre justo lo que necesita, con un servicio accesible y confiable.<\/p>\n\n\t\t<\/div>\n\t<\/div>\n<\/div><\/div><\/div><div class=\"wpb_column vc_column_container vc_col-sm-4\"><div class=\"vc_column-inner vc_custom_1457518934943\"><div class=\"wpb_wrapper\">\n\t<div  class=\"wpb_single_image wpb_content_element vc_align_left wpb_content_element\">\n\t\t\n\t\t<figure class=\"wpb_wrapper vc_figure\">\n\t\t\t<div class=\"vc_single_image-wrapper   vc_box_border_grey\"><img loading=\"lazy\" decoding=\"async\" width=\"432\" height=\"307\" src=\"https:\/\/www.tshop.tech\/wp-content\/uploads\/2024\/08\/aboutus1.png\" class=\"vc_single_image-img attachment-full\" alt=\"\" title=\"aboutus1\" srcset=\"https:\/\/www.tshop.tech\/wp-content\/uploads\/2024\/08\/aboutus1.png 432w, https:\/\/www.tshop.tech\/wp-content\/uploads\/2024\/08\/aboutus1-300x213.png 300w\" sizes=\"auto, (max-width: 432px) 100vw, 432px\" \/><\/div>\n\t\t<\/figure>\n\t<\/div>\n\n\t<div class=\"wpb_text_column wpb_content_element vc_custom_1724382547101\" >\n\t\t<div class=\"wpb_wrapper\">\n\t\t\t<h2 class=\"align-top\">Nuestra Visi\u00f3n<\/h2>\n<p>Ser l\u00edderes en ofrecer tecnolog\u00eda accesible, asegurando que todos puedan disfrutar de las mejores soluciones tecnol\u00f3gicas, con un enfoque en servicio y satisfacci\u00f3n del cliente.<\/p>\n\n\t\t<\/div>\n\t<\/div>\n<\/div><\/div><\/div><div class=\"wpb_column vc_column_container vc_col-sm-4\"><div class=\"vc_column-inner vc_custom_1457518945335\"><div class=\"wpb_wrapper\">\n\t<div  class=\"wpb_single_image wpb_content_element vc_align_left wpb_content_element\">\n\t\t\n\t\t<figure class=\"wpb_wrapper vc_figure\">\n\t\t\t<div class=\"vc_single_image-wrapper   vc_box_border_grey\"><img loading=\"lazy\" decoding=\"async\" width=\"432\" height=\"307\" src=\"https:\/\/www.tshop.tech\/wp-content\/uploads\/2024\/08\/aboutus2.png\" class=\"vc_single_image-img attachment-full\" alt=\"\" title=\"aboutus2\" srcset=\"https:\/\/www.tshop.tech\/wp-content\/uploads\/2024\/08\/aboutus2.png 432w, https:\/\/www.tshop.tech\/wp-content\/uploads\/2024\/08\/aboutus2-300x213.png 300w\" sizes=\"auto, (max-width: 432px) 100vw, 432px\" \/><\/div>\n\t\t<\/figure>\n\t<\/div>\n\n\t<div class=\"wpb_text_column wpb_content_element vc_custom_1724382605669\" >\n\t\t<div class=\"wpb_wrapper\">\n\t\t\t<h2 class=\"align-top\">Nuestra Historia<\/h2>\n<p>Crecimos junto a nuestros clientes, expandiendo nuestro cat\u00e1logo y mejorando nuestros servicios para ofrecer siempre lo mejor en tecnolog\u00eda.<\/p>\n\n\t\t<\/div>\n\t<\/div>\n<\/div><\/div><\/div><div class=\"wpb_column vc_column_container vc_col-sm-12\"><div class=\"vc_column-inner\"><div class=\"wpb_wrapper\"><div class=\"vc_empty_space\"   style=\"height: 80px\"><span class=\"vc_empty_space_inner\"><\/span><\/div><\/div><\/div><\/div><\/div><div class=\"vc_row wpb_row vc_row-fluid inner-sm\"><div class=\"text-boxes wpb_column vc_column_container vc_col-sm-7\"><div class=\"vc_column-inner\"><div class=\"wpb_wrapper\"><div class=\"vc_row wpb_row vc_inner vc_row-fluid inner-bottom-xs\"><div class=\"wpb_column vc_column_container vc_col-sm-6\"><div class=\"vc_column-inner\"><div class=\"wpb_wrapper\">\n\t<div class=\"wpb_text_column wpb_content_element\" >\n\t\t<div class=\"wpb_wrapper\">\n\t\t\t<h3 class=\"highlight\">Nuestros Productos<\/h3>\n<p>Ofrecemos una amplia gama de tecnolog\u00eda, desde computadoras y laptops hasta accesorios y componentes, con las mejores marcas y novedades.<\/p>\n\n\t\t<\/div>\n\t<\/div>\n<\/div><\/div><\/div><div class=\"wpb_column vc_column_container vc_col-sm-6\"><div class=\"vc_column-inner\"><div class=\"wpb_wrapper\">\n\t<div class=\"wpb_text_column wpb_content_element\" >\n\t\t<div class=\"wpb_wrapper\">\n\t\t\t<h3 class=\"highlight\">Compromiso con la Calidad<\/h3>\n<p>Garantizamos productos de alta calidad a trav\u00e9s de controles rigurosos y proveedores confiables.<\/p>\n\n\t\t<\/div>\n\t<\/div>\n<\/div><\/div><\/div><\/div><div class=\"vc_row wpb_row vc_inner vc_row-fluid\"><div class=\"wpb_column vc_column_container vc_col-sm-6\"><div class=\"vc_column-inner\"><div class=\"wpb_wrapper\">\n\t<div class=\"wpb_text_column wpb_content_element\" >\n\t\t<div class=\"wpb_wrapper\">\n\t\t\t<h3 class=\"highlight\">Nuestro Equipo<\/h3>\n<p>Nuestro equipo de expertos est\u00e1 listo para asesorarte y ayudarte a encontrar la tecnolog\u00eda adecuada para ti.<\/p>\n\n\t\t<\/div>\n\t<\/div>\n<\/div><\/div><\/div><div class=\"wpb_column vc_column_container vc_col-sm-6\"><div class=\"vc_column-inner\"><div class=\"wpb_wrapper\">\n\t<div class=\"wpb_text_column wpb_content_element\" >\n\t\t<div class=\"wpb_wrapper\">\n\t\t\t<h3 class=\"highlight\">\u00a1Colabora con Nosotros!<\/h3>\n<p>Estamos abiertos a nuevas oportunidades y asociaciones. Cont\u00e1ctanos para explorar c\u00f3mo podemos trabajar juntos.<\/p>\n\n\t\t<\/div>\n\t<\/div>\n<\/div><\/div><\/div><\/div><\/div><\/div><\/div><div class=\"wpb-accordion wpb_column vc_column_container vc_col-sm-5\"><div class=\"vc_column-inner\"><div class=\"wpb_wrapper\"><div class=\"vc_tta-container\" data-vc-action=\"collapse\"><h2>\u00bfC\u00f3mo Podemos Ayudarte?<\/h2><div class=\"vc_general vc_tta vc_tta-accordion vc_tta-color-white vc_tta-style-classic vc_tta-shape-square vc_tta-o-shape-group vc_tta-controls-align-default  wpb_accordion_heading\"><div class=\"vc_tta-panels-container\"><div class=\"vc_tta-panels\"><div class=\"vc_tta-panel vc_active\" id=\"1457421867768-730a628b-1468\" data-vc-content=\".vc_tta-panel-body\"><div class=\"vc_tta-panel-heading\"><h4 class=\"vc_tta-panel-title vc_tta-controls-icon-position-left\"><a href=\"#1457421867768-730a628b-1468\" data-vc-accordion data-vc-container=\".vc_tta-container\"><span class=\"vc_tta-title-text\">Soporte 24\/7<\/span><i class=\"vc_tta-controls-icon vc_tta-controls-icon-plus\"><\/i><\/a><\/h4><\/div><div class=\"vc_tta-panel-body\">\n\t<div class=\"wpb_text_column wpb_content_element\" >\n\t\t<div class=\"wpb_wrapper\">\n\t\t\t<p>Estamos disponibles en todo momento para resolver tus dudas y problemas. Cont\u00e1ctanos en cualquier hora y d\u00eda, y nuestro equipo te asistir\u00e1 r\u00e1pidamente.<\/p>\n\n\t\t<\/div>\n\t<\/div>\n<\/div><\/div><div class=\"vc_tta-panel\" id=\"1457421867891-00618bbe-81b3\" data-vc-content=\".vc_tta-panel-body\"><div class=\"vc_tta-panel-heading\"><h4 class=\"vc_tta-panel-title vc_tta-controls-icon-position-left\"><a href=\"#1457421867891-00618bbe-81b3\" data-vc-accordion data-vc-container=\".vc_tta-container\"><span class=\"vc_tta-title-text\">Mejor Calidad<\/span><i class=\"vc_tta-controls-icon vc_tta-controls-icon-plus\"><\/i><\/a><\/h4><\/div><div class=\"vc_tta-panel-body\">\n\t<div class=\"wpb_text_column wpb_content_element\" >\n\t\t<div class=\"wpb_wrapper\">\n\t\t\t<p>Nos comprometemos a ofrecer productos de la m\u00e1s alta calidad, con rigurosos controles y las mejores marcas para tu total satisfacci\u00f3n.<\/p>\n\n\t\t<\/div>\n\t<\/div>\n<\/div><\/div><div class=\"vc_tta-panel\" id=\"1457422007417-d8a52c69-9fbe\" data-vc-content=\".vc_tta-panel-body\"><div class=\"vc_tta-panel-heading\"><h4 class=\"vc_tta-panel-title vc_tta-controls-icon-position-left\"><a href=\"#1457422007417-d8a52c69-9fbe\" data-vc-accordion data-vc-container=\".vc_tta-container\"><span class=\"vc_tta-title-text\">Entrega Accesible<\/span><i class=\"vc_tta-controls-icon vc_tta-controls-icon-plus\"><\/i><\/a><\/h4><\/div><div class=\"vc_tta-panel-body\">\n\t<div class=\"wpb_text_column wpb_content_element\" >\n\t\t<div class=\"wpb_wrapper\">\n\t\t\t<p>No esforzamos que nuestros productos lleguen a ti en todo el pa\u00eds, con opciones de entrega accesibles y confiables para tu conveniencia.<\/p>\n\n\t\t<\/div>\n\t<\/div>\n<\/div><\/div><div class=\"vc_tta-panel\" id=\"1457422038772-dd7f7be8-c730\" data-vc-content=\".vc_tta-panel-body\"><div class=\"vc_tta-panel-heading\"><h4 class=\"vc_tta-panel-title vc_tta-controls-icon-position-left\"><a href=\"#1457422038772-dd7f7be8-c730\" data-vc-accordion data-vc-container=\".vc_tta-container\"><span class=\"vc_tta-title-text\">Atenci\u00f3n al Cliente<\/span><i class=\"vc_tta-controls-icon vc_tta-controls-icon-plus\"><\/i><\/a><\/h4><\/div><div class=\"vc_tta-panel-body\">\n\t<div class=\"wpb_text_column wpb_content_element\" >\n\t\t<div class=\"wpb_wrapper\">\n\t\t\t<p>Nos dedicamos a brindarte un servicio personalizado y atento, asegurando que cada interacci\u00f3n sea positiva y satisfactoria.<\/p>\n\n\t\t<\/div>\n\t<\/div>\n<\/div><\/div><div class=\"vc_tta-panel\" id=\"1457422064469-3863fd46-37f1\" data-vc-content=\".vc_tta-panel-body\"><div class=\"vc_tta-panel-heading\"><h4 class=\"vc_tta-panel-title vc_tta-controls-icon-position-left\"><a href=\"#1457422064469-3863fd46-37f1\" data-vc-accordion data-vc-container=\".vc_tta-container\"><span class=\"vc_tta-title-text\">Un Gran Numero de Clientes Satisfechos<\/span><i class=\"vc_tta-controls-icon vc_tta-controls-icon-plus\"><\/i><\/a><\/h4><\/div><div class=\"vc_tta-panel-body\">\n\t<div class=\"wpb_text_column wpb_content_element\" >\n\t\t<div class=\"wpb_wrapper\">\n\t\t\t<p>Nos enorgullece la confianza y satisfacci\u00f3n de numerosos clientes que eligen nuestros productos y servicios tecnol\u00f3gicos de alta calidad.<\/p>\n\n\t\t<\/div>\n\t<\/div>\n<\/div><\/div><\/div><\/div><\/div><\/div><\/div><\/div><\/div><\/div><div class=\"vc_row wpb_row vc_row-fluid\"><div class=\"wpb_column vc_column_container vc_col-sm-12\"><div class=\"vc_column-inner\"><div class=\"wpb_wrapper\">\n\t<div class=\"wpb_raw_code wpb_raw_html wpb_content_element\" >\n\t\t<div class=\"wpb_wrapper\">\n\t\t\t\n\t\t<\/div>\n\t<\/div>\n<\/div><\/div><\/div><\/div>\n<\/div>","protected":false},"excerpt":{"rendered":"\u00bfQu\u00e9 hacemos? Ofrecemos productos tecnol\u00f3gicos de alta calidad, asegurando que cada cliente encuentre justo lo que necesita, con un servicio accesible y confiable. Nuestra Visi\u00f3n Ser l\u00edderes en ofrecer tecnolog\u00eda","protected":false},"author":1,"featured_media":5751,"parent":0,"menu_order":0,"comment_status":"closed","ping_status":"closed","template":"","meta":{"_acf_changed":false,"footnotes":""},"class_list":["post-2494","page","type-page","status-publish","has-post-thumbnail","hentry"],"acf":[],"_links":{"self":[{"href":"https:\/\/www.tshop.tech\/en\/wp-json\/wp\/v2\/pages\/2494","targetHints":{"allow":["GET"]}}],"collection":[{"href":"https:\/\/www.tshop.tech\/en\/wp-json\/wp\/v2\/pages"}],"about":[{"href":"https:\/\/www.tshop.tech\/en\/wp-json\/wp\/v2\/types\/page"}],"author":[{"embeddable":true,"href":"https:\/\/www.tshop.tech\/en\/wp-json\/wp\/v2\/users\/1"}],"replies":[{"embeddable":true,"href":"https:\/\/www.tshop.tech\/en\/wp-json\/wp\/v2\/comments?post=2494"}],"version-history":[{"count":13,"href":"https:\/\/www.tshop.tech\/en\/wp-json\/wp\/v2\/pages\/2494\/revisions"}],"predecessor-version":[{"id":5754,"href":"https:\/\/www.tshop.tech\/en\/wp-json\/wp\/v2\/pages\/2494\/revisions\/5754"}],"wp:featuredmedia":[{"embeddable":true,"href":"https:\/\/www.tshop.tech\/en\/wp-json\/wp\/v2\/media\/5751"}],"wp:attachment":[{"href":"https:\/\/www.tshop.tech\/en\/wp-json\/wp\/v2\/media?parent=2494"}],"curies":[{"name":"wp","href":"https:\/\/api.w.org\/{rel}","templated":true}]}}